{"id":210,"date":"2026-03-28T13:36:03","date_gmt":"2026-03-28T12:36:03","guid":{"rendered":"http:\/\/winnicalupus.pl\/?page_id=210"},"modified":"2026-04-24T08:43:27","modified_gmt":"2026-04-24T06:43:27","slug":"kontakt","status":"publish","type":"page","link":"https:\/\/winnicalupus.pl\/?page_id=210","title":{"rendered":"KONTAKT"},"content":{"rendered":"\n<p class=\"has-large-font-size\"><strong>Winnica Lupus<\/strong><\/p>\n\n\n\n<p><strong>Jastrz\u0119bie-Zdr\u00f3j 44-268 (Obr\u0119b Borynia)<\/strong><\/p>\n\n\n\n<p><strong>ul. Siewna<\/strong><\/p>\n\n\n\n<p><strong>Preferujemy kontakt mailowy:<\/strong><\/p>\n\n\n\n<p><strong>e-mail: biuro@winnicalupus.pl<\/strong><\/p>\n\n\n\n<p><\/p>\n\n\n\n<p><strong>Szk\u00f3\u0142ka winoro\u015bli jest otwarta:<\/strong><\/p>\n\n\n\n<ul class=\"wp-block-list\">\n<li><strong>dni robocze: 16:00-19:00<\/strong><\/li>\n\n\n\n<li><strong>sobota 10:00-18:00<\/strong><\/li>\n\n\n\n<li><strong>niedziela nieczynne<\/strong><\/li>\n<\/ul>\n\n\n\n<p><\/p>\n","protected":false},"excerpt":{"rendered":"<p>Winnica Lupus Jastrz\u0119bie-Zdr\u00f3j 44-268 (Obr\u0119b Borynia) ul. Siewna Preferujemy kontakt mailowy: e-mail: biuro@winnicalupus.pl Szk\u00f3\u0142ka winoro\u015bli jest otwarta:<\/p>\n","protected":false},"author":1,"featured_media":0,"parent":0,"menu_order":0,"comment_status":"closed","ping_status":"closed","template":"","meta":{"footnotes":""},"class_list":["post-210","page","type-page","status-publish","hentry"],"_links":{"self":[{"href":"https:\/\/winnicalupus.pl\/index.php?rest_route=\/wp\/v2\/pages\/210","targetHints":{"allow":["GET"]}}],"collection":[{"href":"https:\/\/winnicalupus.pl\/index.php?rest_route=\/wp\/v2\/pages"}],"about":[{"href":"https:\/\/winnicalupus.pl\/index.php?rest_route=\/wp\/v2\/types\/page"}],"author":[{"embeddable":true,"href":"https:\/\/winnicalupus.pl\/index.php?rest_route=\/wp\/v2\/users\/1"}],"replies":[{"embeddable":true,"href":"https:\/\/winnicalupus.pl\/index.php?rest_route=%2Fwp%2Fv2%2Fcomments&post=210"}],"version-history":[{"count":8,"href":"https:\/\/winnicalupus.pl\/index.php?rest_route=\/wp\/v2\/pages\/210\/revisions"}],"predecessor-version":[{"id":344,"href":"https:\/\/winnicalupus.pl\/index.php?rest_route=\/wp\/v2\/pages\/210\/revisions\/344"}],"wp:attachment":[{"href":"https:\/\/winnicalupus.pl\/index.php?rest_route=%2Fwp%2Fv2%2Fmedia&parent=210"}],"curies":[{"name":"wp","href":"https:\/\/api.w.org\/{rel}","templated":true}]}}