{"id":114,"date":"2026-03-28T09:55:26","date_gmt":"2026-03-28T08:55:26","guid":{"rendered":"http:\/\/winnicalupus.pl\/?post_type=product&#038;p=114"},"modified":"2026-03-29T15:49:33","modified_gmt":"2026-03-29T13:49:33","slug":"winorosl-nadjezdza-azos","status":"publish","type":"product","link":"https:\/\/winnicalupus.pl\/?product=winorosl-nadjezdza-azos","title":{"rendered":"WINORO\u015aL NADJE\u017bD\u017bA AZOS"},"content":{"rendered":"<p>NADJE\u017bD\u017bA AZOS 1<\/p>\n","protected":false},"excerpt":{"rendered":"<p>NADJE\u017bD\u017bA AZOS 2<\/p>\n<p>&nbsp;<\/p>\n","protected":false},"featured_media":0,"comment_status":"open","ping_status":"closed","template":"","meta":[],"product_brand":[],"product_cat":[24],"product_tag":[],"class_list":{"0":"post-114","1":"product","2":"type-product","3":"status-publish","5":"product_cat-winorosl-deserowa-ciemna","7":"first","8":"outofstock","9":"shipping-taxable","10":"purchasable","11":"product-type-simple"},"_links":{"self":[{"href":"https:\/\/winnicalupus.pl\/index.php?rest_route=\/wp\/v2\/product\/114","targetHints":{"allow":["GET"]}}],"collection":[{"href":"https:\/\/winnicalupus.pl\/index.php?rest_route=\/wp\/v2\/product"}],"about":[{"href":"https:\/\/winnicalupus.pl\/index.php?rest_route=\/wp\/v2\/types\/product"}],"replies":[{"embeddable":true,"href":"https:\/\/winnicalupus.pl\/index.php?rest_route=%2Fwp%2Fv2%2Fcomments&post=114"}],"wp:attachment":[{"href":"https:\/\/winnicalupus.pl\/index.php?rest_route=%2Fwp%2Fv2%2Fmedia&parent=114"}],"wp:term":[{"taxonomy":"product_brand","embeddable":true,"href":"https:\/\/winnicalupus.pl\/index.php?rest_route=%2Fwp%2Fv2%2Fproduct_brand&post=114"},{"taxonomy":"product_cat","embeddable":true,"href":"https:\/\/winnicalupus.pl\/index.php?rest_route=%2Fwp%2Fv2%2Fproduct_cat&post=114"},{"taxonomy":"product_tag","embeddable":true,"href":"https:\/\/winnicalupus.pl\/index.php?rest_route=%2Fwp%2Fv2%2Fproduct_tag&post=114"}],"curies":[{"name":"wp","href":"https:\/\/api.w.org\/{rel}","templated":true}]}}