{"id":131,"date":"2026-03-28T10:36:19","date_gmt":"2026-03-28T09:36:19","guid":{"rendered":"http:\/\/winnicalupus.pl\/?post_type=product&#038;p=131"},"modified":"2026-03-29T15:43:05","modified_gmt":"2026-03-29T13:43:05","slug":"winorosl-pamieci-bujnienko","status":"publish","type":"product","link":"https:\/\/winnicalupus.pl\/?product=winorosl-pamieci-bujnienko","title":{"rendered":"WINORO\u015aL PAMI\u0118CI BUJNIENKO"},"content":{"rendered":"<p>PAMI\u0118CI BUJNIENKO 1<\/p>\n","protected":false},"excerpt":{"rendered":"<p>PAMI\u0118CI BUJNIENKO 2<\/p>\n<p>&nbsp;<\/p>\n","protected":false},"featured_media":0,"comment_status":"open","ping_status":"closed","template":"","meta":[],"product_brand":[],"product_cat":[25],"product_tag":[],"class_list":{"0":"post-131","1":"product","2":"type-product","3":"status-publish","5":"product_cat-winorosl-deserowa-rozowa-czerwona","7":"first","8":"outofstock","9":"shipping-taxable","10":"purchasable","11":"product-type-simple"},"_links":{"self":[{"href":"https:\/\/winnicalupus.pl\/index.php?rest_route=\/wp\/v2\/product\/131","targetHints":{"allow":["GET"]}}],"collection":[{"href":"https:\/\/winnicalupus.pl\/index.php?rest_route=\/wp\/v2\/product"}],"about":[{"href":"https:\/\/winnicalupus.pl\/index.php?rest_route=\/wp\/v2\/types\/product"}],"replies":[{"embeddable":true,"href":"https:\/\/winnicalupus.pl\/index.php?rest_route=%2Fwp%2Fv2%2Fcomments&post=131"}],"wp:attachment":[{"href":"https:\/\/winnicalupus.pl\/index.php?rest_route=%2Fwp%2Fv2%2Fmedia&parent=131"}],"wp:term":[{"taxonomy":"product_brand","embeddable":true,"href":"https:\/\/winnicalupus.pl\/index.php?rest_route=%2Fwp%2Fv2%2Fproduct_brand&post=131"},{"taxonomy":"product_cat","embeddable":true,"href":"https:\/\/winnicalupus.pl\/index.php?rest_route=%2Fwp%2Fv2%2Fproduct_cat&post=131"},{"taxonomy":"product_tag","embeddable":true,"href":"https:\/\/winnicalupus.pl\/index.php?rest_route=%2Fwp%2Fv2%2Fproduct_tag&post=131"}],"curies":[{"name":"wp","href":"https:\/\/api.w.org\/{rel}","templated":true}]}}