{"id":142,"date":"2026-03-28T10:56:06","date_gmt":"2026-03-28T09:56:06","guid":{"rendered":"http:\/\/winnicalupus.pl\/?post_type=product&#038;p=142"},"modified":"2026-04-10T20:12:33","modified_gmt":"2026-04-10T18:12:33","slug":"winorosl-bananas","status":"publish","type":"product","link":"https:\/\/winnicalupus.pl\/?product=winorosl-bananas","title":{"rendered":"WINORO\u015aL BANANAS"},"content":{"rendered":"<h4><span dir=\"auto\">WINORO\u015aL BANANAS pochodzi z Ukrainy. Grona s\u0105 bardzo du\u017ce, 600-800 g, niekt\u00f3re do 1300 g, wyd\u0142u\u017cone, cylindryczno-sto\u017ckowe, lu\u017ane i o \u015bredniej g\u0119sto\u015bci.<\/span><br \/>\n<span dir=\"auto\">Jagody s\u0105 du\u017ce wyd\u0142u\u017cone, owalne z zaostrzonym czubkiem, jasno\u017c\u00f3\u0142te, pokryte \u015brednio g\u0119stym woskowym nalotem. <\/span><span dir=\"auto\">Sk\u00f3rka jest cienka praktycznie niewyczuwalna. Mi\u0105\u017csz jest mi\u0119sisty i chrupi\u0105cy, a smak jest naprawd\u0119 niezwyk\u0142y z aromatami muskatu i owoc\u00f3w tropikalnych.<\/span><\/h4>\n<p style=\"text-align: left;\">\n","protected":false},"excerpt":{"rendered":"<table style=\"width: 100%;\">\n<tbody>\n<tr>\n<td><strong>Pochodzenie<\/strong><\/td>\n<td><strong>Ukraina<\/strong><\/td>\n<\/tr>\n<tr>\n<td><strong>Mrozoodporno\u015b\u0107 <\/strong><\/td>\n<td><strong>-23 [\u00b0C]<\/strong><\/td>\n<\/tr>\n<tr>\n<td><strong>Kolor owoc\u00f3w <\/strong><\/td>\n<td><strong>\u017b\u00f3\u0142ty<\/strong><\/td>\n<\/tr>\n<tr>\n<td><strong>Wielko\u015b\u0107 gron<\/strong><\/td>\n<td><strong>600-800g<\/strong><\/td>\n<\/tr>\n<tr>\n<td><strong>Smak owoc\u00f3w<\/strong><\/td>\n<td><strong>Muskat<\/strong><\/td>\n<\/tr>\n<tr>\n<td><strong>Odporno\u015b\u0107 na choroby<\/strong><\/td>\n<td><strong>&#8230;&#8230;&#8230;&#8230;..<\/strong><\/td>\n<\/tr>\n<tr>\n<td><strong>Przeznaczenie owoc\u00f3w <\/strong><\/td>\n<td><strong>Deserowe<\/strong><\/td>\n<\/tr>\n<\/tbody>\n<\/table>\n<p><!--more--><\/p>\n<p>&nbsp;<\/p>\n<p>&nbsp;<\/p>\n","protected":false},"featured_media":0,"comment_status":"open","ping_status":"closed","template":"","meta":[],"product_brand":[],"product_cat":[23],"product_tag":[],"class_list":{"0":"post-142","1":"product","2":"type-product","3":"status-publish","5":"product_cat-winorosl-deserowa-jasna","7":"first","8":"outofstock","9":"shipping-taxable","10":"purchasable","11":"product-type-simple"},"_links":{"self":[{"href":"https:\/\/winnicalupus.pl\/index.php?rest_route=\/wp\/v2\/product\/142","targetHints":{"allow":["GET"]}}],"collection":[{"href":"https:\/\/winnicalupus.pl\/index.php?rest_route=\/wp\/v2\/product"}],"about":[{"href":"https:\/\/winnicalupus.pl\/index.php?rest_route=\/wp\/v2\/types\/product"}],"replies":[{"embeddable":true,"href":"https:\/\/winnicalupus.pl\/index.php?rest_route=%2Fwp%2Fv2%2Fcomments&post=142"}],"wp:attachment":[{"href":"https:\/\/winnicalupus.pl\/index.php?rest_route=%2Fwp%2Fv2%2Fmedia&parent=142"}],"wp:term":[{"taxonomy":"product_brand","embeddable":true,"href":"https:\/\/winnicalupus.pl\/index.php?rest_route=%2Fwp%2Fv2%2Fproduct_brand&post=142"},{"taxonomy":"product_cat","embeddable":true,"href":"https:\/\/winnicalupus.pl\/index.php?rest_route=%2Fwp%2Fv2%2Fproduct_cat&post=142"},{"taxonomy":"product_tag","embeddable":true,"href":"https:\/\/winnicalupus.pl\/index.php?rest_route=%2Fwp%2Fv2%2Fproduct_tag&post=142"}],"curies":[{"name":"wp","href":"https:\/\/api.w.org\/{rel}","templated":true}]}}