{"id":143,"date":"2026-03-28T10:56:58","date_gmt":"2026-03-28T09:56:58","guid":{"rendered":"http:\/\/winnicalupus.pl\/?post_type=product&#038;p=143"},"modified":"2026-04-10T19:20:46","modified_gmt":"2026-04-10T17:20:46","slug":"winorosl-bozyj-dar","status":"publish","type":"product","link":"https:\/\/winnicalupus.pl\/?product=winorosl-bozyj-dar","title":{"rendered":"WINORO\u015aL BO\u017bYJ DAR"},"content":{"rendered":"<h5><strong>WINORO\u015aL BO\u017bYJ DAR<\/strong> &#8211; pochodzi z Rosji. Krzew ro\u015bnie silnie. Grona s\u0105 du\u017ce, \u015brednio lu\u017ane i sto\u017ckowate. \u015arednia waga grona wynosi 900-2000 gram\u00f3w. Jagody s\u0105 du\u017ce, owalne, \u017c\u00f3\u0142tozielone. Mi\u0105\u017csz jest mi\u0119sisty i soczysty, o prostym, harmonijnym smaku. Plenno\u015b\u0107 jest wysoka i \u017ceby zapewni\u0107 wysokiej jako\u015bci zbiory, zaleca si\u0119 przerzedzanie gron.<\/h5>\n","protected":false},"excerpt":{"rendered":"<table style=\"width: 100%;\">\n<tbody>\n<tr>\n<td><strong>Pochodzenie<\/strong><\/td>\n<td><strong>Rosja<\/strong><\/td>\n<\/tr>\n<tr>\n<td><strong>Mrozoodporno\u015b\u0107 <\/strong><\/td>\n<td><strong>-24 [\u00b0C]<\/strong><\/td>\n<\/tr>\n<tr>\n<td><strong>Kolor owoc\u00f3w <\/strong><\/td>\n<td><strong>\u017b\u00f3\u0142ty<\/strong><\/td>\n<\/tr>\n<tr>\n<td><strong>Wielko\u015b\u0107 gron<\/strong><\/td>\n<td><strong>900-2000g<\/strong><\/td>\n<\/tr>\n<tr>\n<td><strong>Smak owoc\u00f3w<\/strong><\/td>\n<td><strong>Harmonijny<\/strong><\/td>\n<\/tr>\n<tr>\n<td><strong>Odporno\u015b\u0107 na choroby<\/strong><\/td>\n<td><strong>Podwy\u017cszona<\/strong><\/td>\n<\/tr>\n<tr>\n<td><strong>Przeznaczenie owoc\u00f3w <\/strong><\/td>\n<td><strong>Deserowe<\/strong><\/td>\n<\/tr>\n<\/tbody>\n<\/table>\n<p><!--more--><\/p>\n<p>&nbsp;<\/p>\n<p>&nbsp;<\/p>\n","protected":false},"featured_media":0,"comment_status":"open","ping_status":"closed","template":"","meta":[],"product_brand":[],"product_cat":[23],"product_tag":[],"class_list":{"0":"post-143","1":"product","2":"type-product","3":"status-publish","5":"product_cat-winorosl-deserowa-jasna","7":"first","8":"outofstock","9":"shipping-taxable","10":"purchasable","11":"product-type-simple"},"_links":{"self":[{"href":"https:\/\/winnicalupus.pl\/index.php?rest_route=\/wp\/v2\/product\/143","targetHints":{"allow":["GET"]}}],"collection":[{"href":"https:\/\/winnicalupus.pl\/index.php?rest_route=\/wp\/v2\/product"}],"about":[{"href":"https:\/\/winnicalupus.pl\/index.php?rest_route=\/wp\/v2\/types\/product"}],"replies":[{"embeddable":true,"href":"https:\/\/winnicalupus.pl\/index.php?rest_route=%2Fwp%2Fv2%2Fcomments&post=143"}],"wp:attachment":[{"href":"https:\/\/winnicalupus.pl\/index.php?rest_route=%2Fwp%2Fv2%2Fmedia&parent=143"}],"wp:term":[{"taxonomy":"product_brand","embeddable":true,"href":"https:\/\/winnicalupus.pl\/index.php?rest_route=%2Fwp%2Fv2%2Fproduct_brand&post=143"},{"taxonomy":"product_cat","embeddable":true,"href":"https:\/\/winnicalupus.pl\/index.php?rest_route=%2Fwp%2Fv2%2Fproduct_cat&post=143"},{"taxonomy":"product_tag","embeddable":true,"href":"https:\/\/winnicalupus.pl\/index.php?rest_route=%2Fwp%2Fv2%2Fproduct_tag&post=143"}],"curies":[{"name":"wp","href":"https:\/\/api.w.org\/{rel}","templated":true}]}}