{"id":150,"date":"2026-03-28T11:04:02","date_gmt":"2026-03-28T10:04:02","guid":{"rendered":"http:\/\/winnicalupus.pl\/?post_type=product&#038;p=150"},"modified":"2026-04-10T19:23:01","modified_gmt":"2026-04-10T17:23:01","slug":"winorosl-miraz","status":"publish","type":"product","link":"https:\/\/winnicalupus.pl\/?product=winorosl-miraz","title":{"rendered":"WINORO\u015aL MIRA\u017b"},"content":{"rendered":"<h4><span style=\"color: #000000;\"><strong>WINORO\u015aL MIRA\u017b <\/strong><\/span><span style=\"color: #000000;\">pochodzi z Rosji. Krzew ro\u015bnie silnie. Grona s\u0105 bardzo du\u017ce, wa\u017c\u0105ce 700-900g, cylindryczno-sto\u017ckowe i \u015brednio zwarte. Jagody s\u0105 bardzo du\u017ce o bardzo przyjemnym smaku\u00a0 i charakterystycznym mlecznym odcieniu. Mi\u0105\u017csz jest mi\u0119sisty z wysok\u0105 zawarto\u015bci\u0105 cukru. Winoro\u015bl jest praktycznie odporna na uszkodzenia przez osy.<\/span><\/h4>\n","protected":false},"excerpt":{"rendered":"<table style=\"width: 100%;\">\n<tbody>\n<tr>\n<td><strong>Pochodzenie<\/strong><\/td>\n<td><strong>Rosja<\/strong><\/td>\n<\/tr>\n<tr>\n<td><strong>Mrozoodporno\u015b\u0107 <\/strong><\/td>\n<td><strong>-24 [\u00b0C]<\/strong><\/td>\n<\/tr>\n<tr>\n<td><strong>Kolor owoc\u00f3w <\/strong><\/td>\n<td><strong>Bursztynowo-\u017c\u00f3\u0142ty<\/strong><\/td>\n<\/tr>\n<tr>\n<td><strong>Wielko\u015b\u0107 gron<\/strong><\/td>\n<td><strong>600-900g<\/strong><\/td>\n<\/tr>\n<tr>\n<td><strong>Smak owoc\u00f3w<\/strong><\/td>\n<td><strong>Harmonijny<\/strong><\/td>\n<\/tr>\n<tr>\n<td><strong>Odporno\u015b\u0107 na choroby<\/strong><\/td>\n<td><strong>&#8230;&#8230;&#8230;&#8230;&#8230;&#8230;&#8230;&#8230;&#8230;..<\/strong><\/td>\n<\/tr>\n<tr>\n<td><strong>Przeznaczenie owoc\u00f3w <\/strong><\/td>\n<td><strong>Deserowe<\/strong><\/td>\n<\/tr>\n<\/tbody>\n<\/table>\n<p><!--more--><\/p>\n<p>&nbsp;<\/p>\n","protected":false},"featured_media":0,"comment_status":"open","ping_status":"closed","template":"","meta":[],"product_brand":[],"product_cat":[23],"product_tag":[],"class_list":{"0":"post-150","1":"product","2":"type-product","3":"status-publish","5":"product_cat-winorosl-deserowa-jasna","7":"first","8":"outofstock","9":"shipping-taxable","10":"purchasable","11":"product-type-simple"},"_links":{"self":[{"href":"https:\/\/winnicalupus.pl\/index.php?rest_route=\/wp\/v2\/product\/150","targetHints":{"allow":["GET"]}}],"collection":[{"href":"https:\/\/winnicalupus.pl\/index.php?rest_route=\/wp\/v2\/product"}],"about":[{"href":"https:\/\/winnicalupus.pl\/index.php?rest_route=\/wp\/v2\/types\/product"}],"replies":[{"embeddable":true,"href":"https:\/\/winnicalupus.pl\/index.php?rest_route=%2Fwp%2Fv2%2Fcomments&post=150"}],"wp:attachment":[{"href":"https:\/\/winnicalupus.pl\/index.php?rest_route=%2Fwp%2Fv2%2Fmedia&parent=150"}],"wp:term":[{"taxonomy":"product_brand","embeddable":true,"href":"https:\/\/winnicalupus.pl\/index.php?rest_route=%2Fwp%2Fv2%2Fproduct_brand&post=150"},{"taxonomy":"product_cat","embeddable":true,"href":"https:\/\/winnicalupus.pl\/index.php?rest_route=%2Fwp%2Fv2%2Fproduct_cat&post=150"},{"taxonomy":"product_tag","embeddable":true,"href":"https:\/\/winnicalupus.pl\/index.php?rest_route=%2Fwp%2Fv2%2Fproduct_tag&post=150"}],"curies":[{"name":"wp","href":"https:\/\/api.w.org\/{rel}","templated":true}]}}