{"id":156,"date":"2026-03-28T11:08:54","date_gmt":"2026-03-28T10:08:54","guid":{"rendered":"http:\/\/winnicalupus.pl\/?post_type=product&#038;p=156"},"modified":"2026-03-31T13:13:11","modified_gmt":"2026-03-31T11:13:11","slug":"winorosl-zloto-zlato","status":"publish","type":"product","link":"https:\/\/winnicalupus.pl\/?product=winorosl-zloto-zlato","title":{"rendered":"WINORO\u015aL Z\u0141OTO (ZLATO)"},"content":{"rendered":"<p>Z\u0141OTO 1<\/p>\n","protected":false},"excerpt":{"rendered":"<table style=\"width: 100%;\">\n<tbody>\n<tr>\n<td><strong>Pochodzenie<\/strong><\/td>\n<td><strong>Rosja <\/strong><\/td>\n<\/tr>\n<tr>\n<td><strong>Mrozoodporno\u015b\u0107 <\/strong><\/td>\n<td><strong>-24 [\u00b0C]<\/strong><\/td>\n<\/tr>\n<tr>\n<td><strong>Kolor owoc\u00f3w <\/strong><\/td>\n<td><strong>\u017b\u00f3\u0142ty<\/strong><\/td>\n<\/tr>\n<tr>\n<td><strong>Wielko\u015b\u0107 gron<\/strong><\/td>\n<td><strong>700-1200g<\/strong><\/td>\n<\/tr>\n<tr>\n<td><strong>Smak owoc\u00f3w<\/strong><\/td>\n<td><strong>Muskat<\/strong><\/td>\n<\/tr>\n<tr>\n<td><strong>Odporno\u015b\u0107 na choroby<\/strong><\/td>\n<td><strong>Podwy\u017cszona<\/strong><\/td>\n<\/tr>\n<tr>\n<td><strong>Przeznaczenie owoc\u00f3w <\/strong><\/td>\n<td><strong>Deserowe<\/strong><\/td>\n<\/tr>\n<\/tbody>\n<\/table>\n<p><!--more--><\/p>\n<p>&nbsp;<\/p>\n<p>&nbsp;<\/p>\n","protected":false},"featured_media":0,"comment_status":"open","ping_status":"closed","template":"","meta":[],"product_brand":[],"product_cat":[23],"product_tag":[],"class_list":{"0":"post-156","1":"product","2":"type-product","3":"status-publish","5":"product_cat-winorosl-deserowa-jasna","7":"first","8":"outofstock","9":"shipping-taxable","10":"purchasable","11":"product-type-simple"},"_links":{"self":[{"href":"https:\/\/winnicalupus.pl\/index.php?rest_route=\/wp\/v2\/product\/156","targetHints":{"allow":["GET"]}}],"collection":[{"href":"https:\/\/winnicalupus.pl\/index.php?rest_route=\/wp\/v2\/product"}],"about":[{"href":"https:\/\/winnicalupus.pl\/index.php?rest_route=\/wp\/v2\/types\/product"}],"replies":[{"embeddable":true,"href":"https:\/\/winnicalupus.pl\/index.php?rest_route=%2Fwp%2Fv2%2Fcomments&post=156"}],"wp:attachment":[{"href":"https:\/\/winnicalupus.pl\/index.php?rest_route=%2Fwp%2Fv2%2Fmedia&parent=156"}],"wp:term":[{"taxonomy":"product_brand","embeddable":true,"href":"https:\/\/winnicalupus.pl\/index.php?rest_route=%2Fwp%2Fv2%2Fproduct_brand&post=156"},{"taxonomy":"product_cat","embeddable":true,"href":"https:\/\/winnicalupus.pl\/index.php?rest_route=%2Fwp%2Fv2%2Fproduct_cat&post=156"},{"taxonomy":"product_tag","embeddable":true,"href":"https:\/\/winnicalupus.pl\/index.php?rest_route=%2Fwp%2Fv2%2Fproduct_tag&post=156"}],"curies":[{"name":"wp","href":"https:\/\/api.w.org\/{rel}","templated":true}]}}