{"id":160,"date":"2026-03-28T11:13:37","date_gmt":"2026-03-28T10:13:37","guid":{"rendered":"http:\/\/winnicalupus.pl\/?post_type=product&#038;p=160"},"modified":"2026-04-30T21:31:19","modified_gmt":"2026-04-30T19:31:19","slug":"winorosl-bianca","status":"publish","type":"product","link":"https:\/\/winnicalupus.pl\/?product=winorosl-bianca","title":{"rendered":"WINORO\u015aL BIANCA"},"content":{"rendered":"<p>Winoro\u015bl <strong>Bianca<\/strong> pochodzi z W\u0119gier. Krzew ro\u015bnie bardzo silnie i owocuje bardzo obficie i regularnie. Jest bardzo odporna na choroby grzybowe. Winoro\u015bl ta jest idealna zar\u00f3wno jako odmiana deserowa, jak r\u00f3wnie\u017c nadaje si\u0119 do produkcji win oraz sok\u00f3w.<\/p>\n","protected":false},"excerpt":{"rendered":"<table style=\"width: 100%;\">\n<tbody>\n<tr>\n<td><strong>Pochodzenie<\/strong><\/td>\n<td><strong>W\u0119gry<\/strong><\/td>\n<\/tr>\n<tr>\n<td><strong>Mrozoodporno\u015b\u0107 <\/strong><\/td>\n<td><strong>-24 [\u00b0C]<\/strong><\/td>\n<\/tr>\n<tr>\n<td><strong>Kolor owoc\u00f3w <\/strong><\/td>\n<td><strong>\u017b\u00f3\u0142to-zielone ze z\u0142ocistym rumie\u0144cem<\/strong><\/td>\n<\/tr>\n<tr>\n<td><strong>Wielko\u015b\u0107 gron<\/strong><\/td>\n<td><strong>150-350g<\/strong><\/td>\n<\/tr>\n<tr>\n<td><strong>Smak owoc\u00f3w<\/strong><\/td>\n<td><strong>neutralny<\/strong><\/td>\n<\/tr>\n<tr>\n<td><strong>Odporno\u015b\u0107 na choroby<\/strong><\/td>\n<td><strong>Wysoka<\/strong><\/td>\n<\/tr>\n<tr>\n<td><strong>Przeznaczenie owoc\u00f3w <\/strong><\/td>\n<td><strong>Przerobowe<\/strong><\/td>\n<\/tr>\n<\/tbody>\n<\/table>\n<p><!--more--><\/p>\n<p>&nbsp;<\/p>\n<p>&nbsp;<\/p>\n","protected":false},"featured_media":0,"comment_status":"open","ping_status":"closed","template":"","meta":[],"product_brand":[],"product_cat":[26],"product_tag":[],"class_list":{"0":"post-160","1":"product","2":"type-product","3":"status-publish","5":"product_cat-winorosl-przerobowa-jasna","7":"first","8":"instock","9":"shipping-taxable","10":"purchasable","11":"product-type-simple"},"_links":{"self":[{"href":"https:\/\/winnicalupus.pl\/index.php?rest_route=\/wp\/v2\/product\/160","targetHints":{"allow":["GET"]}}],"collection":[{"href":"https:\/\/winnicalupus.pl\/index.php?rest_route=\/wp\/v2\/product"}],"about":[{"href":"https:\/\/winnicalupus.pl\/index.php?rest_route=\/wp\/v2\/types\/product"}],"replies":[{"embeddable":true,"href":"https:\/\/winnicalupus.pl\/index.php?rest_route=%2Fwp%2Fv2%2Fcomments&post=160"}],"wp:attachment":[{"href":"https:\/\/winnicalupus.pl\/index.php?rest_route=%2Fwp%2Fv2%2Fmedia&parent=160"}],"wp:term":[{"taxonomy":"product_brand","embeddable":true,"href":"https:\/\/winnicalupus.pl\/index.php?rest_route=%2Fwp%2Fv2%2Fproduct_brand&post=160"},{"taxonomy":"product_cat","embeddable":true,"href":"https:\/\/winnicalupus.pl\/index.php?rest_route=%2Fwp%2Fv2%2Fproduct_cat&post=160"},{"taxonomy":"product_tag","embeddable":true,"href":"https:\/\/winnicalupus.pl\/index.php?rest_route=%2Fwp%2Fv2%2Fproduct_tag&post=160"}],"curies":[{"name":"wp","href":"https:\/\/api.w.org\/{rel}","templated":true}]}}